{"id":3,"date":"2020-02-06T08:17:05","date_gmt":"2020-02-06T08:17:05","guid":{"rendered":"https:\/\/litho.themezaa.com\/?page_id=3"},"modified":"2025-10-27T12:22:00","modified_gmt":"2025-10-27T12:22:00","slug":"politica-de-privacidade","status":"publish","type":"page","link":"https:\/\/lid-event.com\/pt\/politica-de-privacidade\/","title":{"rendered":"Pol\u00edtica de privacidade"},"content":{"rendered":"<div data-elementor-type=\"wp-page\" data-elementor-id=\"3\" class=\"elementor elementor-3\">\n\t\t\t\t\t\t<section class=\"elementor-section elementor-top-section elementor-element elementor-element-642a197d elementor-section-boxed elementor-section-height-default elementor-section-height-default\" data-id=\"642a197d\" data-element_type=\"section\">\n\t\t\t\t\t\t<div class=\"elementor-container elementor-column-gap-default\">\n\t\t\t\t\t<div class=\"elementor-column elementor-col-16 elementor-top-column elementor-element elementor-element-76e2ec6b elementor-hidden-tablet elementor-hidden-phone\" data-fullscreen-column-settings=\"{&quot;fullscreen&quot;:&quot;&quot;}\" data-id=\"76e2ec6b\" data-element_type=\"column\">\n\t\t\t<div class=\"elementor-widget-wrap\">\n\t\t\t\t\t\t\t<\/div>\n\t\t<\/div>\n\t\t\t\t<div class=\"elementor-column elementor-col-66 elementor-top-column elementor-element elementor-element-90f3c64\" data-fullscreen-column-settings=\"{&quot;fullscreen&quot;:&quot;&quot;}\" data-id=\"90f3c64\" data-element_type=\"column\">\n\t\t\t<div class=\"elementor-widget-wrap elementor-element-populated\">\n\t\t\t\t\t\t<div class=\"elementor-element elementor-element-59f0680 elementor-widget elementor-widget-litho-heading\" data-id=\"59f0680\" data-element_type=\"widget\" data-widget_type=\"litho-heading.default\">\n\t\t\t\t<div class=\"elementor-widget-container\">\n\t\t\t\t\t<h6 class=\"litho-heading elementor-size-default\"><span class=\"litho-primary-title\">Informa\u00e7\u00f5es gerais<\/span><\/h6>\t\t\t\t<\/div>\n\t\t\t\t<\/div>\n\t\t\t\t<div class=\"elementor-element elementor-element-cc874a4 elementor-widget elementor-widget-text-editor\" data-id=\"cc874a4\" data-element_type=\"widget\" data-widget_type=\"text-editor.default\">\n\t\t\t\t\t\t\t\t\t<p>Data efectiva: 27\/10\/2025<\/p>\t\t\t\t\t\t\t\t<\/div>\n\t\t\t\t<div class=\"elementor-element elementor-element-7875983 elementor-widget elementor-widget-litho-heading\" data-id=\"7875983\" data-element_type=\"widget\" data-widget_type=\"litho-heading.default\">\n\t\t\t\t<div class=\"elementor-widget-container\">\n\t\t\t\t\t<h6 class=\"litho-heading elementor-size-default\"><span class=\"litho-primary-title\">1. Introdu\u00e7\u00e3o \u00e0 pol\u00edtica\n<\/span><\/h6>\t\t\t\t<\/div>\n\t\t\t\t<\/div>\n\t\t\t\t<div class=\"elementor-element elementor-element-95e5efb elementor-widget elementor-widget-text-editor\" data-id=\"95e5efb\" data-element_type=\"widget\" data-widget_type=\"text-editor.default\">\n\t\t\t\t\t\t\t\t\t<p>Valorizamos a sua privacidade e estamos empenhados em proteger os seus dados pessoais. Esta Pol\u00edtica de Privacidade explica como recolhemos, utilizamos e protegemos as suas informa\u00e7\u00f5es quando utiliza o nosso s\u00edtio Web, servi\u00e7os ou interage connosco. Ao utilizar o nosso s\u00edtio Web, o utilizador concorda com as pr\u00e1ticas descritas nesta pol\u00edtica.<\/p>\t\t\t\t\t\t\t\t<\/div>\n\t\t\t\t<div class=\"elementor-element elementor-element-d959f78 elementor-widget elementor-widget-litho-heading\" data-id=\"d959f78\" data-element_type=\"widget\" data-widget_type=\"litho-heading.default\">\n\t\t\t\t<div class=\"elementor-widget-container\">\n\t\t\t\t\t<h6 class=\"litho-heading elementor-size-default\"><span class=\"litho-primary-title\">2. Informa\u00e7\u00f5es que recolhemos<\/span><\/h6>\t\t\t\t<\/div>\n\t\t\t\t<\/div>\n\t\t\t\t<div class=\"elementor-element elementor-element-ce4d046 elementor-widget elementor-widget-text-editor\" data-id=\"ce4d046\" data-element_type=\"widget\" data-widget_type=\"text-editor.default\">\n\t\t\t\t\t\t\t\t\t<p data-start=\"580\" data-end=\"630\">Podemos recolher os seguintes tipos de informa\u00e7\u00f5es:<\/p><ul data-start=\"632\" data-end=\"1149\"><li data-start=\"632\" data-end=\"764\"><p data-start=\"634\" data-end=\"764\"><strong data-start=\"634\" data-end=\"659\">Informa\u00e7\u00f5es pessoais:<\/strong> Nome, endere\u00e7o de correio eletr\u00f3nico, n\u00famero de telefone, endere\u00e7o de fatura\u00e7\u00e3o\/envio e outras informa\u00e7\u00f5es fornecidas diretamente pelo utilizador.<\/p><\/li><li data-start=\"765\" data-end=\"885\"><p data-start=\"767\" data-end=\"885\"><strong data-start=\"767\" data-end=\"789\">Informa\u00e7\u00f5es de utiliza\u00e7\u00e3o:<\/strong> Informa\u00e7\u00f5es sobre a forma como utiliza o nosso s\u00edtio Web, tais como p\u00e1ginas visitadas, tempo despendido e intera\u00e7\u00f5es.<\/p><\/li><li data-start=\"886\" data-end=\"998\"><p data-start=\"888\" data-end=\"998\"><strong data-start=\"888\" data-end=\"925\">Dispositivo e informa\u00e7\u00f5es t\u00e9cnicas:<\/strong> Endere\u00e7o IP, tipo de browser, sistema operativo e outros detalhes t\u00e9cnicos.<\/p><\/li><li data-start=\"999\" data-end=\"1149\"><p data-start=\"1001\" data-end=\"1149\"><strong data-start=\"1001\" data-end=\"1031\">Cookies e dados de rastreio:<\/strong> Utilizamos cookies e tecnologias semelhantes para melhorar a sua experi\u00eancia, analisar tend\u00eancias e fornecer conte\u00fados personalizados.<\/p><\/li><\/ul>\t\t\t\t\t\t\t\t<\/div>\n\t\t\t\t<div class=\"elementor-element elementor-element-b66a06a elementor-widget elementor-widget-litho-heading\" data-id=\"b66a06a\" data-element_type=\"widget\" data-widget_type=\"litho-heading.default\">\n\t\t\t\t<div class=\"elementor-widget-container\">\n\t\t\t\t\t<h6 class=\"litho-heading elementor-size-default\"><span class=\"litho-primary-title\">3. Como utilizamos as suas informa\u00e7\u00f5es\n<\/span><\/h6>\t\t\t\t<\/div>\n\t\t\t\t<\/div>\n\t\t\t\t<div class=\"elementor-element elementor-element-1a6055b elementor-widget elementor-widget-text-editor\" data-id=\"1a6055b\" data-element_type=\"widget\" data-widget_type=\"text-editor.default\">\n\t\t\t\t\t\t\t\t\t<p data-start=\"1185\" data-end=\"1241\">As suas informa\u00e7\u00f5es podem ser utilizadas para os seguintes fins:<\/p><ul data-start=\"1243\" data-end=\"1586\"><li data-start=\"1243\" data-end=\"1304\"><p data-start=\"1245\" data-end=\"1304\">Para fornecer, operar e manter o nosso s\u00edtio Web e servi\u00e7os.<\/p><\/li><li data-start=\"1305\" data-end=\"1365\"><p data-start=\"1307\" data-end=\"1365\">Para processar transac\u00e7\u00f5es e enviar confirma\u00e7\u00f5es ou actualiza\u00e7\u00f5es.<\/p><\/li><li data-start=\"1366\" data-end=\"1440\"><p data-start=\"1368\" data-end=\"1440\">Para melhorar a experi\u00eancia do utilizador, a funcionalidade do s\u00edtio Web e o servi\u00e7o de apoio ao cliente.<\/p><\/li><li data-start=\"1441\" data-end=\"1525\"><p data-start=\"1443\" data-end=\"1525\">Para comunicar materiais de marketing, promo\u00e7\u00f5es ou actualiza\u00e7\u00f5es (se o utilizador tiver optado por tal).<\/p><\/li><li data-start=\"1526\" data-end=\"1586\"><p data-start=\"1528\" data-end=\"1586\">Para cumprir as obriga\u00e7\u00f5es legais e aplicar as nossas pol\u00edticas.<\/p><\/li><\/ul>\t\t\t\t\t\t\t\t<\/div>\n\t\t\t\t<div class=\"elementor-element elementor-element-3ec6229 elementor-widget elementor-widget-litho-heading\" data-id=\"3ec6229\" data-element_type=\"widget\" data-widget_type=\"litho-heading.default\">\n\t\t\t\t<div class=\"elementor-widget-container\">\n\t\t\t\t\t<h6 class=\"litho-heading elementor-size-default\"><span class=\"litho-primary-title\">4. Partilhar as suas informa\u00e7\u00f5es\n<\/span><\/h6>\t\t\t\t<\/div>\n\t\t\t\t<\/div>\n\t\t\t\t<div class=\"elementor-element elementor-element-af11f16 elementor-widget elementor-widget-text-editor\" data-id=\"af11f16\" data-element_type=\"widget\" data-widget_type=\"text-editor.default\">\n\t\t\t\t\t\t\t\t\t<p data-start=\"1619\" data-end=\"1730\">Respeitamos a sua privacidade e n\u00e3o vendemos ou trocamos as suas informa\u00e7\u00f5es pessoais. Podemos partilhar as suas informa\u00e7\u00f5es com:<\/p><ul data-start=\"1732\" data-end=\"2005\"><li data-start=\"1732\" data-end=\"1834\"><p data-start=\"1734\" data-end=\"1834\"><strong data-start=\"1734\" data-end=\"1756\">Prestadores de servi\u00e7os:<\/strong> Empresas que nos ajudam a operar o nosso s\u00edtio Web ou a prestar servi\u00e7os em nosso nome.<\/p><\/li><li data-start=\"1835\" data-end=\"1921\"><p data-start=\"1837\" data-end=\"1921\"><strong data-start=\"1837\" data-end=\"1874\">Autoridades legais e regulamentares:<\/strong> Quando exigido por lei ou para proteger os nossos direitos.<\/p><\/li><li data-start=\"1922\" data-end=\"2005\"><p data-start=\"1924\" data-end=\"2005\"><strong data-start=\"1924\" data-end=\"1947\">Transfer\u00eancias de empresas:<\/strong> No caso de uma fus\u00e3o, aquisi\u00e7\u00e3o ou venda de activos.<\/p><\/li><\/ul>\t\t\t\t\t\t\t\t<\/div>\n\t\t\t\t<div class=\"elementor-element elementor-element-5b79247 elementor-widget elementor-widget-litho-heading\" data-id=\"5b79247\" data-element_type=\"widget\" data-widget_type=\"litho-heading.default\">\n\t\t\t\t<div class=\"elementor-widget-container\">\n\t\t\t\t\t<h6 class=\"litho-heading elementor-size-default\"><span class=\"litho-primary-title\">5. Cookies e rastreio\n<\/span><\/h6>\t\t\t\t<\/div>\n\t\t\t\t<\/div>\n\t\t\t\t<div class=\"elementor-element elementor-element-48f8b23 elementor-widget elementor-widget-text-editor\" data-id=\"48f8b23\" data-element_type=\"widget\" data-widget_type=\"text-editor.default\">\n\t\t\t\t\t\t\t\t\t<p data-start=\"1185\" data-end=\"1241\">O nosso s\u00edtio Web utiliza cookies para melhorar a sua experi\u00eancia. Pode gerir ou desativar os cookies atrav\u00e9s das defini\u00e7\u00f5es do seu browser, mas algumas funcionalidades do s\u00edtio podem n\u00e3o funcionar corretamente se os cookies estiverem desactivados.<\/p>\t\t\t\t\t\t\t\t<\/div>\n\t\t\t\t<div class=\"elementor-element elementor-element-3eb74be elementor-widget elementor-widget-litho-heading\" data-id=\"3eb74be\" data-element_type=\"widget\" data-widget_type=\"litho-heading.default\">\n\t\t\t\t<div class=\"elementor-widget-container\">\n\t\t\t\t\t<h6 class=\"litho-heading elementor-size-default\"><span class=\"litho-primary-title\">6. Conserva\u00e7\u00e3o de dados\n<\/span><\/h6>\t\t\t\t<\/div>\n\t\t\t\t<\/div>\n\t\t\t\t<div class=\"elementor-element elementor-element-cb18274 elementor-widget elementor-widget-text-editor\" data-id=\"cb18274\" data-element_type=\"widget\" data-widget_type=\"text-editor.default\">\n\t\t\t\t\t\t\t\t\t<p data-start=\"1185\" data-end=\"1241\">Conservamos os seus dados pessoais apenas durante o tempo necess\u00e1rio para cumprir os objectivos descritos nesta pol\u00edtica, cumprir as obriga\u00e7\u00f5es legais, resolver lit\u00edgios e fazer cumprir os nossos acordos.<\/p>\t\t\t\t\t\t\t\t<\/div>\n\t\t\t\t<div class=\"elementor-element elementor-element-2181bcc elementor-widget elementor-widget-litho-heading\" data-id=\"2181bcc\" data-element_type=\"widget\" data-widget_type=\"litho-heading.default\">\n\t\t\t\t<div class=\"elementor-widget-container\">\n\t\t\t\t\t<h6 class=\"litho-heading elementor-size-default\"><span class=\"litho-primary-title\">7. Seguran\u00e7a\n<\/span><\/h6>\t\t\t\t<\/div>\n\t\t\t\t<\/div>\n\t\t\t\t<div class=\"elementor-element elementor-element-dd98018 elementor-widget elementor-widget-text-editor\" data-id=\"dd98018\" data-element_type=\"widget\" data-widget_type=\"text-editor.default\">\n\t\t\t\t\t\t\t\t\t<p data-start=\"1185\" data-end=\"1241\">Implementamos medidas t\u00e9cnicas e organizacionais adequadas para proteger os seus dados pessoais contra o acesso n\u00e3o autorizado, a divulga\u00e7\u00e3o, a altera\u00e7\u00e3o ou a destrui\u00e7\u00e3o.<\/p>\t\t\t\t\t\t\t\t<\/div>\n\t\t\t\t<div class=\"elementor-element elementor-element-bb62075 elementor-widget elementor-widget-litho-heading\" data-id=\"bb62075\" data-element_type=\"widget\" data-widget_type=\"litho-heading.default\">\n\t\t\t\t<div class=\"elementor-widget-container\">\n\t\t\t\t\t<h6 class=\"litho-heading elementor-size-default\"><span class=\"litho-primary-title\">8. Liga\u00e7\u00f5es de terceiros\n<\/span><\/h6>\t\t\t\t<\/div>\n\t\t\t\t<\/div>\n\t\t\t\t<div class=\"elementor-element elementor-element-790a706 elementor-widget elementor-widget-text-editor\" data-id=\"790a706\" data-element_type=\"widget\" data-widget_type=\"text-editor.default\">\n\t\t\t\t\t\t\t\t\t<p data-start=\"1185\" data-end=\"1241\">O nosso s\u00edtio Web pode conter liga\u00e7\u00f5es a s\u00edtios Web de terceiros. N\u00e3o somos respons\u00e1veis pelas pr\u00e1ticas de privacidade ou pelo conte\u00fado desses s\u00edtios Web. Consulte as suas pol\u00edticas de privacidade antes de fornecer informa\u00e7\u00f5es pessoais.<\/p>\t\t\t\t\t\t\t\t<\/div>\n\t\t\t\t<div class=\"elementor-element elementor-element-545a181 elementor-widget elementor-widget-litho-heading\" data-id=\"545a181\" data-element_type=\"widget\" data-widget_type=\"litho-heading.default\">\n\t\t\t\t<div class=\"elementor-widget-container\">\n\t\t\t\t\t<h6 class=\"litho-heading elementor-size-default\"><span class=\"litho-primary-title\">9. Contactar-nos<\/span><\/h6>\t\t\t\t<\/div>\n\t\t\t\t<\/div>\n\t\t\t\t<div class=\"elementor-element elementor-element-9b3830f elementor-widget elementor-widget-text-editor\" data-id=\"9b3830f\" data-element_type=\"widget\" data-widget_type=\"text-editor.default\">\n\t\t\t\t\t\t\t\t\t<p data-start=\"3441\" data-end=\"3550\">Se tiver d\u00favidas ou preocupa\u00e7\u00f5es sobre esta Pol\u00edtica de Privacidade ou sobre a forma como tratamos os seus dados, contacte-nos atrav\u00e9s de<\/p><p data-start=\"3552\" data-end=\"3646\"><strong data-start=\"3552\" data-end=\"3562\">Correio eletr\u00f3nico:<\/strong> info@lid-event.com<br data-start=\"3577\" data-end=\"3580\" \/><strong data-start=\"3580\" data-end=\"3592\">Endere\u00e7o:<\/strong> R. Soeiro Pereira Gomes - Lote 1, 1600-198 Lisboa<\/p>\t\t\t\t\t\t\t\t<\/div>\n\t\t\t\t\t<\/div>\n\t\t<\/div>\n\t\t\t\t<div class=\"elementor-column elementor-col-16 elementor-top-column elementor-element elementor-element-3b1e856 elementor-hidden-tablet elementor-hidden-phone\" data-fullscreen-column-settings=\"{&quot;fullscreen&quot;:&quot;&quot;}\" data-id=\"3b1e856\" data-element_type=\"column\">\n\t\t\t<div class=\"elementor-widget-wrap elementor-element-populated\">\n\t\t\t\t\t\t\t<\/div>\n\t\t<\/div>\n\t\t\t\t\t<\/div>\n\t\t<\/section>\n\t\t\t\t<\/div>","protected":false},"excerpt":{"rendered":"<p>General information Effective Date: 27\/10\/2025 1. Policy introduction We value your privacy and are committed to protecting your personal data. This Privacy Policy explains how we collect, use, and safeguard your information when you use our website, services, or interact with us. By using our website, you agree to the practices described in this policy. [&hellip;]<\/p>\n","protected":false},"author":1,"featured_media":0,"parent":0,"menu_order":202,"comment_status":"closed","ping_status":"closed","template":"","meta":{"footnotes":""},"class_list":["post-3","page","type-page","status-publish","hentry"],"yoast_head":"<!-- This site is optimized with the Yoast SEO plugin v26.3 - https:\/\/yoast.com\/wordpress\/plugins\/seo\/ -->\n<title>Privacy Policy | LisbonID Conference<\/title>\n<meta name=\"robots\" content=\"index, follow, max-snippet:-1, max-image-preview:large, max-video-preview:-1\" \/>\n<link rel=\"canonical\" href=\"https:\/\/lid-event.com\/pt\/politica-de-privacidade\/\" \/>\n<meta property=\"og:locale\" content=\"pt_PT\" \/>\n<meta property=\"og:type\" content=\"article\" \/>\n<meta property=\"og:title\" content=\"Privacy Policy | LisbonID Conference\" \/>\n<meta property=\"og:description\" content=\"General information Effective Date: 27\/10\/2025 1. Policy introduction We value your privacy and are committed to protecting your personal data. This Privacy Policy explains how we collect, use, and safeguard your information when you use our website, services, or interact with us. By using our website, you agree to the practices described in this policy. [&hellip;]\" \/>\n<meta property=\"og:url\" content=\"https:\/\/lid-event.com\/pt\/politica-de-privacidade\/\" \/>\n<meta property=\"og:site_name\" content=\"L.ID\" \/>\n<meta property=\"article:modified_time\" content=\"2025-10-27T12:22:00+00:00\" \/>\n<meta name=\"twitter:card\" content=\"summary_large_image\" \/>\n<meta name=\"twitter:label1\" content=\"Tempo estimado de leitura\" \/>\n\t<meta name=\"twitter:data1\" content=\"2 minutos\" \/>\n<script type=\"application\/ld+json\" class=\"yoast-schema-graph\">{\"@context\":\"https:\/\/schema.org\",\"@graph\":[{\"@type\":\"WebPage\",\"@id\":\"https:\/\/lid-event.com\/privacy-policy\/\",\"url\":\"https:\/\/lid-event.com\/privacy-policy\/\",\"name\":\"Privacy Policy | LisbonID Conference\",\"isPartOf\":{\"@id\":\"https:\/\/lid-event.com\/#website\"},\"datePublished\":\"2020-02-06T08:17:05+00:00\",\"dateModified\":\"2025-10-27T12:22:00+00:00\",\"breadcrumb\":{\"@id\":\"https:\/\/lid-event.com\/privacy-policy\/#breadcrumb\"},\"inLanguage\":\"pt-PT\",\"potentialAction\":[{\"@type\":\"ReadAction\",\"target\":[\"https:\/\/lid-event.com\/privacy-policy\/\"]}]},{\"@type\":\"BreadcrumbList\",\"@id\":\"https:\/\/lid-event.com\/privacy-policy\/#breadcrumb\",\"itemListElement\":[{\"@type\":\"ListItem\",\"position\":1,\"name\":\"Home\",\"item\":\"https:\/\/lid-event.com\/\"},{\"@type\":\"ListItem\",\"position\":2,\"name\":\"Privacy policy\"}]},{\"@type\":\"WebSite\",\"@id\":\"https:\/\/lid-event.com\/#website\",\"url\":\"https:\/\/lid-event.com\/\",\"name\":\"L.ID\",\"description\":\"\",\"publisher\":{\"@id\":\"https:\/\/lid-event.com\/#organization\"},\"potentialAction\":[{\"@type\":\"SearchAction\",\"target\":{\"@type\":\"EntryPoint\",\"urlTemplate\":\"https:\/\/lid-event.com\/?s={search_term_string}\"},\"query-input\":{\"@type\":\"PropertyValueSpecification\",\"valueRequired\":true,\"valueName\":\"search_term_string\"}}],\"inLanguage\":\"pt-PT\"},{\"@type\":\"Organization\",\"@id\":\"https:\/\/lid-event.com\/#organization\",\"name\":\"L.ID\",\"url\":\"https:\/\/lid-event.com\/\",\"logo\":{\"@type\":\"ImageObject\",\"inLanguage\":\"pt-PT\",\"@id\":\"https:\/\/lid-event.com\/#\/schema\/logo\/image\/\",\"url\":\"https:\/\/lid-event.com\/wp-content\/uploads\/2025\/09\/cropped-Fav_Icon_LID_Color_1024x1024.png\",\"contentUrl\":\"https:\/\/lid-event.com\/wp-content\/uploads\/2025\/09\/cropped-Fav_Icon_LID_Color_1024x1024.png\",\"width\":512,\"height\":512,\"caption\":\"L.ID\"},\"image\":{\"@id\":\"https:\/\/lid-event.com\/#\/schema\/logo\/image\/\"},\"sameAs\":[\"https:\/\/www.linkedin.com\/company\/lisbonid-conference\"]}]}<\/script>\n<!-- \/ Yoast SEO plugin. -->","yoast_head_json":{"title":"Pol\u00edtica de Privacidade | LisbonID Conference","robots":{"index":"index","follow":"follow","max-snippet":"max-snippet:-1","max-image-preview":"max-image-preview:large","max-video-preview":"max-video-preview:-1"},"canonical":"https:\/\/lid-event.com\/pt\/politica-de-privacidade\/","og_locale":"pt_PT","og_type":"article","og_title":"Privacy Policy | LisbonID Conference","og_description":"General information Effective Date: 27\/10\/2025 1. Policy introduction We value your privacy and are committed to protecting your personal data. This Privacy Policy explains how we collect, use, and safeguard your information when you use our website, services, or interact with us. By using our website, you agree to the practices described in this policy. [&hellip;]","og_url":"https:\/\/lid-event.com\/pt\/politica-de-privacidade\/","og_site_name":"L.ID","article_modified_time":"2025-10-27T12:22:00+00:00","twitter_card":"summary_large_image","twitter_misc":{"Tempo estimado de leitura":"2 minutos"},"schema":{"@context":"https:\/\/schema.org","@graph":[{"@type":"WebPage","@id":"https:\/\/lid-event.com\/privacy-policy\/","url":"https:\/\/lid-event.com\/privacy-policy\/","name":"Pol\u00edtica de Privacidade | LisbonID Conference","isPartOf":{"@id":"https:\/\/lid-event.com\/#website"},"datePublished":"2020-02-06T08:17:05+00:00","dateModified":"2025-10-27T12:22:00+00:00","breadcrumb":{"@id":"https:\/\/lid-event.com\/privacy-policy\/#breadcrumb"},"inLanguage":"pt-PT","potentialAction":[{"@type":"ReadAction","target":["https:\/\/lid-event.com\/privacy-policy\/"]}]},{"@type":"BreadcrumbList","@id":"https:\/\/lid-event.com\/privacy-policy\/#breadcrumb","itemListElement":[{"@type":"ListItem","position":1,"name":"Home","item":"https:\/\/lid-event.com\/"},{"@type":"ListItem","position":2,"name":"Privacy policy"}]},{"@type":"WebSite","@id":"https:\/\/lid-event.com\/#website","url":"https:\/\/lid-event.com\/","name":"L.ID","description":"","publisher":{"@id":"https:\/\/lid-event.com\/#organization"},"potentialAction":[{"@type":"SearchAction","target":{"@type":"EntryPoint","urlTemplate":"https:\/\/lid-event.com\/?s={search_term_string}"},"query-input":{"@type":"PropertyValueSpecification","valueRequired":true,"valueName":"search_term_string"}}],"inLanguage":"pt-PT"},{"@type":"Organization","@id":"https:\/\/lid-event.com\/#organization","name":"L.ID","url":"https:\/\/lid-event.com\/","logo":{"@type":"ImageObject","inLanguage":"pt-PT","@id":"https:\/\/lid-event.com\/#\/schema\/logo\/image\/","url":"https:\/\/lid-event.com\/wp-content\/uploads\/2025\/09\/cropped-Fav_Icon_LID_Color_1024x1024.png","contentUrl":"https:\/\/lid-event.com\/wp-content\/uploads\/2025\/09\/cropped-Fav_Icon_LID_Color_1024x1024.png","width":512,"height":512,"caption":"L.ID"},"image":{"@id":"https:\/\/lid-event.com\/#\/schema\/logo\/image\/"},"sameAs":["https:\/\/www.linkedin.com\/company\/lisbonid-conference"]}]}},"_links":{"self":[{"href":"https:\/\/lid-event.com\/pt\/wp-json\/wp\/v2\/pages\/3","targetHints":{"allow":["GET"]}}],"collection":[{"href":"https:\/\/lid-event.com\/pt\/wp-json\/wp\/v2\/pages"}],"about":[{"href":"https:\/\/lid-event.com\/pt\/wp-json\/wp\/v2\/types\/page"}],"author":[{"embeddable":true,"href":"https:\/\/lid-event.com\/pt\/wp-json\/wp\/v2\/users\/1"}],"replies":[{"embeddable":true,"href":"https:\/\/lid-event.com\/pt\/wp-json\/wp\/v2\/comments?post=3"}],"version-history":[{"count":4,"href":"https:\/\/lid-event.com\/pt\/wp-json\/wp\/v2\/pages\/3\/revisions"}],"predecessor-version":[{"id":79790,"href":"https:\/\/lid-event.com\/pt\/wp-json\/wp\/v2\/pages\/3\/revisions\/79790"}],"wp:attachment":[{"href":"https:\/\/lid-event.com\/pt\/wp-json\/wp\/v2\/media?parent=3"}],"curies":[{"name":"palavra-passe","href":"https:\/\/api.w.org\/{rel}","templated":true}]}}